{"id":19,"date":"2025-07-30T12:05:22","date_gmt":"2025-07-30T17:05:22","guid":{"rendered":"https:\/\/fegoauto.com.ec\/?page_id=19"},"modified":"2025-08-26T12:35:18","modified_gmt":"2025-08-26T17:35:18","slug":"quienes-somos","status":"publish","type":"page","link":"https:\/\/fegoauto.com.ec\/index.php\/quienes-somos\/","title":{"rendered":"QUI\u00c9NES SOMOS"},"content":{"rendered":"\t\t<div data-elementor-type=\"wp-page\" data-elementor-id=\"19\" class=\"elementor elementor-19\">\n\t\t\t\t<div class=\"elementor-element elementor-element-852b54e e-flex e-con-boxed e-con e-parent\" data-id=\"852b54e\" data-element_type=\"container\" data-e-type=\"container\" data-settings=\"{&quot;background_background&quot;:&quot;classic&quot;}\">\n\t\t\t\t\t<div class=\"e-con-inner\">\n\t\t\t\t<div class=\"elementor-element elementor-element-641fc55 elementor-widget elementor-widget-image\" data-id=\"641fc55\" data-element_type=\"widget\" data-e-type=\"widget\" data-widget_type=\"image.default\">\n\t\t\t\t\t\t\t\t\t\t\t\t\t\t\t<img fetchpriority=\"high\" decoding=\"async\" width=\"508\" height=\"128\" src=\"https:\/\/fegoauto.com.ec\/wp-content\/uploads\/2025\/07\/Recurso-23.png\" class=\"attachment-large size-large wp-image-87\" alt=\"\" \/>\t\t\t\t\t\t\t\t\t\t\t\t\t\t\t<\/div>\n\t\t\t\t<div class=\"elementor-element elementor-element-b49ff7e elementor-widget elementor-widget-heading\" data-id=\"b49ff7e\" data-element_type=\"widget\" data-e-type=\"widget\" data-widget_type=\"heading.default\">\n\t\t\t\t\t<h2 class=\"elementor-heading-title elementor-size-default\">DISTRIBUCI\u00d3N Y VENTA AL POR MAYOR<\/h2>\t\t\t\t<\/div>\n\t\t\t\t\t<\/div>\n\t\t\t\t<\/div>\n\t\t<div class=\"elementor-element elementor-element-3f56280 e-flex e-con-boxed e-con e-parent\" data-id=\"3f56280\" data-element_type=\"container\" data-e-type=\"container\">\n\t\t\t\t\t<div class=\"e-con-inner\">\n\t\t<div class=\"elementor-element elementor-element-cae267f e-grid e-con-full e-con e-child\" data-id=\"cae267f\" data-element_type=\"container\" data-e-type=\"container\">\n\t\t\t\t<div class=\"elementor-element elementor-element-622a48e elementor-widget elementor-widget-text-editor\" data-id=\"622a48e\" data-element_type=\"widget\" data-e-type=\"widget\" data-widget_type=\"text-editor.default\">\n\t\t\t\t\t\t\t\t\t<h5><span style=\"font-weight: 400;\"><strong>Fegoauto S.A.<\/strong> es una empresa cuencana especializada en la comercializaci\u00f3n de accesorios automotrices que combinan estilo, tecnolog\u00eda y rendimiento. <strong>Con m\u00e1s de una d\u00e9cada en el mercado,<\/strong> se ha consolidado como un referente en personalizaci\u00f3n vehicular, ofreciendo productos como accesorios 4&#215;4, aros American, moquetas, forros de volante, luces y hal\u00f3genos DLAA, alarmas, audio y recientemente, llantas de la reconocida marca Haida.<\/span><\/h5><h5><span style=\"font-weight: 400;\"><strong>Su compromiso con la calidad, la innovaci\u00f3n y la atenci\u00f3n personalizada<\/strong> ha permitido que Fegoauto atienda tanto a clientes particulares como a distribuidores a nivel nacional, <strong>entregando soluciones confiables para quienes buscan mejorar el dise\u00f1o, la seguridad y el desempe\u00f1o de sus veh\u00edculos.<\/strong><\/span><\/h5>\t\t\t\t\t\t\t\t<\/div>\n\t\t\t\t<div class=\"elementor-element elementor-element-b1a923f elementor-widget elementor-widget-image\" data-id=\"b1a923f\" data-element_type=\"widget\" data-e-type=\"widget\" data-widget_type=\"image.default\">\n\t\t\t\t\t\t\t\t\t\t\t\t\t\t\t<img decoding=\"async\" width=\"625\" height=\"401\" data-src=\"https:\/\/fegoauto.com.ec\/wp-content\/uploads\/2025\/07\/Recurso-16-100.jpg\" class=\"attachment-large size-large wp-image-238 lazyload\" alt=\"\" src=\"data:image\/svg+xml;base64,PHN2ZyB3aWR0aD0iMSIgaGVpZ2h0PSIxIiB4bWxucz0iaHR0cDovL3d3dy53My5vcmcvMjAwMC9zdmciPjwvc3ZnPg==\" style=\"--smush-placeholder-width: 625px; --smush-placeholder-aspect-ratio: 625\/401;\" \/>\t\t\t\t\t\t\t\t\t\t\t\t\t\t\t<\/div>\n\t\t\t\t<\/div>\n\t\t\t\t\t<\/div>\n\t\t\t\t<\/div>\n\t\t<div class=\"elementor-element elementor-element-2c9d5a3 e-flex e-con-boxed e-con e-parent\" data-id=\"2c9d5a3\" data-element_type=\"container\" data-e-type=\"container\" data-settings=\"{&quot;background_background&quot;:&quot;classic&quot;}\">\n\t\t\t\t\t<div class=\"e-con-inner\">\n\t\t<div class=\"elementor-element elementor-element-60b681d e-grid e-con-full e-con e-child\" data-id=\"60b681d\" data-element_type=\"container\" data-e-type=\"container\">\n\t\t\t\t<div class=\"elementor-element elementor-element-4398dfe elementor-widget elementor-widget-image\" data-id=\"4398dfe\" data-element_type=\"widget\" data-e-type=\"widget\" data-widget_type=\"image.default\">\n\t\t\t\t\t\t\t\t\t\t\t\t\t\t\t<img decoding=\"async\" width=\"625\" height=\"401\" data-src=\"https:\/\/fegoauto.com.ec\/wp-content\/uploads\/2025\/07\/Recurso-17-100.jpg\" class=\"attachment-large size-large wp-image-237 lazyload\" alt=\"\" src=\"data:image\/svg+xml;base64,PHN2ZyB3aWR0aD0iMSIgaGVpZ2h0PSIxIiB4bWxucz0iaHR0cDovL3d3dy53My5vcmcvMjAwMC9zdmciPjwvc3ZnPg==\" style=\"--smush-placeholder-width: 625px; --smush-placeholder-aspect-ratio: 625\/401;\" \/>\t\t\t\t\t\t\t\t\t\t\t\t\t\t\t<\/div>\n\t\t\t\t<div class=\"elementor-element elementor-element-8913dd8 elementor-widget elementor-widget-text-editor\" data-id=\"8913dd8\" data-element_type=\"widget\" data-e-type=\"widget\" data-widget_type=\"text-editor.default\">\n\t\t\t\t\t\t\t\t\t<h5><b>Visi\u00f3n<\/b><\/h5><h5><span style=\"font-weight: 400;\">Ser la empresa l\u00edder en personalizaci\u00f3n automotriz en Ecuador, reconocida por ofrecer productos innovadores, confiables y de alto rendimiento, que eleven el estilo y desempe\u00f1o de cada veh\u00edculo.<\/span><\/h5><p>\u00a0<\/p><h5><b>Misi\u00f3n<\/b><\/h5><h5><span style=\"font-weight: 400;\">Brindar a nuestros clientes una experiencia integral en accesorios automotrices, ofreciendo productos de calidad, asesor\u00eda y soluciones que combinan tecnolog\u00eda, dise\u00f1o y funcionalidad.<\/span><\/h5>\t\t\t\t\t\t\t\t<\/div>\n\t\t\t\t<\/div>\n\t\t\t\t\t<\/div>\n\t\t\t\t<\/div>\n\t\t<div class=\"elementor-element elementor-element-36ff52d e-flex e-con-boxed e-con e-parent\" data-id=\"36ff52d\" data-element_type=\"container\" data-e-type=\"container\">\n\t\t\t\t\t<div class=\"e-con-inner\">\n\t\t<div class=\"elementor-element elementor-element-39610aa e-grid e-con-full e-con e-child\" data-id=\"39610aa\" data-element_type=\"container\" data-e-type=\"container\">\n\t\t\t\t<div class=\"elementor-element elementor-element-9603fb3 elementor-widget elementor-widget-text-editor\" data-id=\"9603fb3\" data-element_type=\"widget\" data-e-type=\"widget\" data-widget_type=\"text-editor.default\">\n\t\t\t\t\t\t\t\t\t<h5><b>Valores:<\/b><\/h5><ul><li style=\"font-weight: 400;\" aria-level=\"1\"><h5><b>Calidad:<\/b><span style=\"font-weight: 400;\"> Trabajamos con productos y marcas que garantizan alto rendimiento y durabilidad.<\/span><\/h5><\/li><li style=\"font-weight: 400;\" aria-level=\"1\"><h5><b>Innovaci\u00f3n:<\/b><span style=\"font-weight: 400;\"> Incorporamos constantemente nuevas tecnolog\u00edas y tendencias del sector automotriz.<\/span><\/h5><\/li><li style=\"font-weight: 400;\" aria-level=\"1\"><h5><b>Compromiso:<\/b><span style=\"font-weight: 400;\"> Nos enfocamos en brindar atenci\u00f3n responsable y soluciones confiables a nuestros clientes.<\/span><\/h5><\/li><li style=\"font-weight: 400;\" aria-level=\"1\"><h5><b>Confianza:<\/b><span style=\"font-weight: 400;\"> Construimos relaciones s\u00f3lidas con clientes y distribuidores, basadas en integridad y cumplimiento.<\/span><\/h5><\/li><li style=\"font-weight: 400;\" aria-level=\"1\"><h5><b>Excelencia en el servicio:<\/b><span style=\"font-weight: 400;\"> Cada cliente es \u00fanico y merece una experiencia de atenci\u00f3n \u00e1gil, cercana y profesional.<\/span><\/h5><\/li><\/ul>\t\t\t\t\t\t\t\t<\/div>\n\t\t\t\t<div class=\"elementor-element elementor-element-2119a31 elementor-widget elementor-widget-image\" data-id=\"2119a31\" data-element_type=\"widget\" data-e-type=\"widget\" data-widget_type=\"image.default\">\n\t\t\t\t\t\t\t\t\t\t\t\t\t\t\t<img decoding=\"async\" width=\"625\" height=\"401\" data-src=\"https:\/\/fegoauto.com.ec\/wp-content\/uploads\/2025\/07\/Recurso-18-100.jpg\" class=\"attachment-large size-large wp-image-236 lazyload\" alt=\"\" src=\"data:image\/svg+xml;base64,PHN2ZyB3aWR0aD0iMSIgaGVpZ2h0PSIxIiB4bWxucz0iaHR0cDovL3d3dy53My5vcmcvMjAwMC9zdmciPjwvc3ZnPg==\" style=\"--smush-placeholder-width: 625px; --smush-placeholder-aspect-ratio: 625\/401;\" \/>\t\t\t\t\t\t\t\t\t\t\t\t\t\t\t<\/div>\n\t\t\t\t<\/div>\n\t\t\t\t\t<\/div>\n\t\t\t\t<\/div>\n\t\t<div class=\"elementor-element elementor-element-87b439d e-flex e-con-boxed e-con e-parent\" data-id=\"87b439d\" data-element_type=\"container\" data-e-type=\"container\" data-settings=\"{&quot;background_background&quot;:&quot;classic&quot;}\">\n\t\t\t\t\t<div class=\"e-con-inner\">\n\t\t\t\t<div class=\"elementor-element elementor-element-3e1e09d elementor-widget elementor-widget-spacer\" data-id=\"3e1e09d\" data-element_type=\"widget\" data-e-type=\"widget\" data-widget_type=\"spacer.default\">\n\t\t\t\t\t\t\t<div class=\"elementor-spacer\">\n\t\t\t<div class=\"elementor-spacer-inner\"><\/div>\n\t\t<\/div>\n\t\t\t\t\t\t<\/div>\n\t\t\t\t\t<\/div>\n\t\t\t\t<\/div>\n\t\t<div class=\"elementor-element elementor-element-a8a6a4f e-con-full e-flex e-con e-parent\" data-id=\"a8a6a4f\" data-element_type=\"container\" data-e-type=\"container\" data-settings=\"{&quot;position&quot;:&quot;fixed&quot;}\">\n\t\t\t\t<div class=\"elementor-element elementor-element-4dd8cc0 elementor-shape-circle elementor-grid-0 e-grid-align-center elementor-widget elementor-widget-social-icons\" data-id=\"4dd8cc0\" data-element_type=\"widget\" data-e-type=\"widget\" data-widget_type=\"social-icons.default\">\n\t\t\t\t\t\t\t<div class=\"elementor-social-icons-wrapper elementor-grid\" role=\"list\">\n\t\t\t\t\t\t\t<span class=\"elementor-grid-item\" role=\"listitem\">\n\t\t\t\t\t<a class=\"elementor-icon elementor-social-icon elementor-social-icon-facebook elementor-animation-push elementor-repeater-item-f63db06\" href=\"https:\/\/www.facebook.com\/fegoauto\/\" target=\"_blank\">\n\t\t\t\t\t\t<span class=\"elementor-screen-only\">Facebook<\/span>\n\t\t\t\t\t\t<svg aria-hidden=\"true\" class=\"e-font-icon-svg e-fab-facebook\" viewBox=\"0 0 512 512\" xmlns=\"http:\/\/www.w3.org\/2000\/svg\"><path d=\"M504 256C504 119 393 8 256 8S8 119 8 256c0 123.78 90.69 226.38 209.25 245V327.69h-63V256h63v-54.64c0-62.15 37-96.48 93.67-96.48 27.14 0 55.52 4.84 55.52 4.84v61h-31.28c-30.8 0-40.41 19.12-40.41 38.73V256h68.78l-11 71.69h-57.78V501C413.31 482.38 504 379.78 504 256z\"><\/path><\/svg>\t\t\t\t\t<\/a>\n\t\t\t\t<\/span>\n\t\t\t\t\t\t\t<span class=\"elementor-grid-item\" role=\"listitem\">\n\t\t\t\t\t<a class=\"elementor-icon elementor-social-icon elementor-social-icon-instagram elementor-animation-push elementor-repeater-item-39ced38\" href=\"https:\/\/www.instagram.com\/fegoauto_ec\/\" target=\"_blank\">\n\t\t\t\t\t\t<span class=\"elementor-screen-only\">Instagram<\/span>\n\t\t\t\t\t\t<svg aria-hidden=\"true\" class=\"e-font-icon-svg e-fab-instagram\" viewBox=\"0 0 448 512\" xmlns=\"http:\/\/www.w3.org\/2000\/svg\"><path d=\"M224.1 141c-63.6 0-114.9 51.3-114.9 114.9s51.3 114.9 114.9 114.9S339 319.5 339 255.9 287.7 141 224.1 141zm0 189.6c-41.1 0-74.7-33.5-74.7-74.7s33.5-74.7 74.7-74.7 74.7 33.5 74.7 74.7-33.6 74.7-74.7 74.7zm146.4-194.3c0 14.9-12 26.8-26.8 26.8-14.9 0-26.8-12-26.8-26.8s12-26.8 26.8-26.8 26.8 12 26.8 26.8zm76.1 27.2c-1.7-35.9-9.9-67.7-36.2-93.9-26.2-26.2-58-34.4-93.9-36.2-37-2.1-147.9-2.1-184.9 0-35.8 1.7-67.6 9.9-93.9 36.1s-34.4 58-36.2 93.9c-2.1 37-2.1 147.9 0 184.9 1.7 35.9 9.9 67.7 36.2 93.9s58 34.4 93.9 36.2c37 2.1 147.9 2.1 184.9 0 35.9-1.7 67.7-9.9 93.9-36.2 26.2-26.2 34.4-58 36.2-93.9 2.1-37 2.1-147.8 0-184.8zM398.8 388c-7.8 19.6-22.9 34.7-42.6 42.6-29.5 11.7-99.5 9-132.1 9s-102.7 2.6-132.1-9c-19.6-7.8-34.7-22.9-42.6-42.6-11.7-29.5-9-99.5-9-132.1s-2.6-102.7 9-132.1c7.8-19.6 22.9-34.7 42.6-42.6 29.5-11.7 99.5-9 132.1-9s102.7-2.6 132.1 9c19.6 7.8 34.7 22.9 42.6 42.6 11.7 29.5 9 99.5 9 132.1s2.7 102.7-9 132.1z\"><\/path><\/svg>\t\t\t\t\t<\/a>\n\t\t\t\t<\/span>\n\t\t\t\t\t\t\t<span class=\"elementor-grid-item\" role=\"listitem\">\n\t\t\t\t\t<a class=\"elementor-icon elementor-social-icon elementor-social-icon-whatsapp elementor-animation-push elementor-repeater-item-5d8ce92\" href=\"https:\/\/wa.me\/+593981559884\" target=\"_blank\">\n\t\t\t\t\t\t<span class=\"elementor-screen-only\">Whatsapp<\/span>\n\t\t\t\t\t\t<svg aria-hidden=\"true\" class=\"e-font-icon-svg e-fab-whatsapp\" viewBox=\"0 0 448 512\" xmlns=\"http:\/\/www.w3.org\/2000\/svg\"><path d=\"M380.9 97.1C339 55.1 283.2 32 223.9 32c-122.4 0-222 99.6-222 222 0 39.1 10.2 77.3 29.6 111L0 480l117.7-30.9c32.4 17.7 68.9 27 106.1 27h.1c122.3 0 224.1-99.6 224.1-222 0-59.3-25.2-115-67.1-157zm-157 341.6c-33.2 0-65.7-8.9-94-25.7l-6.7-4-69.8 18.3L72 359.2l-4.4-7c-18.5-29.4-28.2-63.3-28.2-98.2 0-101.7 82.8-184.5 184.6-184.5 49.3 0 95.6 19.2 130.4 54.1 34.8 34.9 56.2 81.2 56.1 130.5 0 101.8-84.9 184.6-186.6 184.6zm101.2-138.2c-5.5-2.8-32.8-16.2-37.9-18-5.1-1.9-8.8-2.8-12.5 2.8-3.7 5.6-14.3 18-17.6 21.8-3.2 3.7-6.5 4.2-12 1.4-32.6-16.3-54-29.1-75.5-66-5.7-9.8 5.7-9.1 16.3-30.3 1.8-3.7.9-6.9-.5-9.7-1.4-2.8-12.5-30.1-17.1-41.2-4.5-10.8-9.1-9.3-12.5-9.5-3.2-.2-6.9-.2-10.6-.2-3.7 0-9.7 1.4-14.8 6.9-5.1 5.6-19.4 19-19.4 46.3 0 27.3 19.9 53.7 22.6 57.4 2.8 3.7 39.1 59.7 94.8 83.8 35.2 15.2 49 16.5 66.6 13.9 10.7-1.6 32.8-13.4 37.4-26.4 4.6-13 4.6-24.1 3.2-26.4-1.3-2.5-5-3.9-10.5-6.6z\"><\/path><\/svg>\t\t\t\t\t<\/a>\n\t\t\t\t<\/span>\n\t\t\t\t\t<\/div>\n\t\t\t\t\t\t<\/div>\n\t\t\t\t<\/div>\n\t\t\t\t<\/div>\n\t\t","protected":false},"excerpt":{"rendered":"<p>DISTRIBUCI\u00d3N Y VENTA AL POR MAYOR Fegoauto S.A. es una empresa cuencana especializada en la comercializaci\u00f3n de accesorios automotrices que combinan estilo, tecnolog\u00eda y rendimiento. Con m\u00e1s de una d\u00e9cada en el mercado, se ha consolidado como un referente en personalizaci\u00f3n vehicular, ofreciendo productos como accesorios 4&#215;4, aros American, moquetas, forros de volante, luces y [&hellip;]<\/p>\n","protected":false},"author":1,"featured_media":0,"parent":0,"menu_order":0,"comment_status":"closed","ping_status":"closed","template":"","meta":{"footnotes":""},"class_list":["post-19","page","type-page","status-publish","hentry"],"yoast_head":"<!-- This site is optimized with the Yoast SEO plugin v27.2 - https:\/\/yoast.com\/product\/yoast-seo-wordpress\/ -->\n<title>QUI\u00c9NES SOMOS<\/title>\n<meta name=\"description\" content=\"QUI\u00c9NES SOMOS\" \/>\n<meta name=\"robots\" content=\"index, follow, max-snippet:-1, max-image-preview:large, max-video-preview:-1\" \/>\n<link rel=\"canonical\" href=\"https:\/\/fegoauto.com.ec\/index.php\/quienes-somos\/\" \/>\n<meta property=\"og:locale\" content=\"es_ES\" \/>\n<meta property=\"og:type\" content=\"article\" \/>\n<meta property=\"og:title\" content=\"QUI\u00c9NES SOMOS\" \/>\n<meta property=\"og:description\" content=\"QUI\u00c9NES SOMOS\" \/>\n<meta property=\"og:url\" content=\"https:\/\/fegoauto.com.ec\/index.php\/quienes-somos\/\" \/>\n<meta property=\"og:site_name\" content=\"FEGOAUTO\" \/>\n<meta property=\"article:publisher\" content=\"https:\/\/www.facebook.com\/fegoauto\" \/>\n<meta property=\"article:modified_time\" content=\"2025-08-26T17:35:18+00:00\" \/>\n<meta property=\"og:image\" content=\"https:\/\/fegoauto.com.ec\/wp-content\/uploads\/2025\/07\/Recurso-23.png\" \/>\n\t<meta property=\"og:image:width\" content=\"508\" \/>\n\t<meta property=\"og:image:height\" content=\"128\" \/>\n\t<meta property=\"og:image:type\" content=\"image\/png\" \/>\n<meta name=\"twitter:card\" content=\"summary_large_image\" \/>\n<meta name=\"twitter:label1\" content=\"Tiempo de lectura\" \/>\n\t<meta name=\"twitter:data1\" content=\"1 minuto\" \/>\n<script type=\"application\/ld+json\" class=\"yoast-schema-graph\">{\"@context\":\"https:\/\/schema.org\",\"@graph\":[{\"@type\":\"WebPage\",\"@id\":\"https:\/\/fegoauto.com.ec\/index.php\/quienes-somos\/\",\"url\":\"https:\/\/fegoauto.com.ec\/index.php\/quienes-somos\/\",\"name\":\"QUI\u00c9NES SOMOS\",\"isPartOf\":{\"@id\":\"https:\/\/fegoauto.com.ec\/#website\"},\"primaryImageOfPage\":{\"@id\":\"https:\/\/fegoauto.com.ec\/index.php\/quienes-somos\/#primaryimage\"},\"image\":{\"@id\":\"https:\/\/fegoauto.com.ec\/index.php\/quienes-somos\/#primaryimage\"},\"thumbnailUrl\":\"https:\/\/fegoauto.com.ec\/wp-content\/uploads\/2025\/07\/Recurso-23.png\",\"datePublished\":\"2025-07-30T17:05:22+00:00\",\"dateModified\":\"2025-08-26T17:35:18+00:00\",\"description\":\"QUI\u00c9NES SOMOS\",\"breadcrumb\":{\"@id\":\"https:\/\/fegoauto.com.ec\/index.php\/quienes-somos\/#breadcrumb\"},\"inLanguage\":\"es\",\"potentialAction\":[{\"@type\":\"ReadAction\",\"target\":[\"https:\/\/fegoauto.com.ec\/index.php\/quienes-somos\/\"]}]},{\"@type\":\"ImageObject\",\"inLanguage\":\"es\",\"@id\":\"https:\/\/fegoauto.com.ec\/index.php\/quienes-somos\/#primaryimage\",\"url\":\"https:\/\/fegoauto.com.ec\/wp-content\/uploads\/2025\/07\/Recurso-23.png\",\"contentUrl\":\"https:\/\/fegoauto.com.ec\/wp-content\/uploads\/2025\/07\/Recurso-23.png\",\"width\":508,\"height\":128},{\"@type\":\"BreadcrumbList\",\"@id\":\"https:\/\/fegoauto.com.ec\/index.php\/quienes-somos\/#breadcrumb\",\"itemListElement\":[{\"@type\":\"ListItem\",\"position\":1,\"name\":\"Portada\",\"item\":\"https:\/\/fegoauto.com.ec\/\"},{\"@type\":\"ListItem\",\"position\":2,\"name\":\"QUI\u00c9NES SOMOS\"}]},{\"@type\":\"WebSite\",\"@id\":\"https:\/\/fegoauto.com.ec\/#website\",\"url\":\"https:\/\/fegoauto.com.ec\/\",\"name\":\"FEGOAUTO\",\"description\":\"Distribuci\u00f3n y venta al por mayor\",\"publisher\":{\"@id\":\"https:\/\/fegoauto.com.ec\/#organization\"},\"alternateName\":\"FEGOAUTO\",\"potentialAction\":[{\"@type\":\"SearchAction\",\"target\":{\"@type\":\"EntryPoint\",\"urlTemplate\":\"https:\/\/fegoauto.com.ec\/?s={search_term_string}\"},\"query-input\":{\"@type\":\"PropertyValueSpecification\",\"valueRequired\":true,\"valueName\":\"search_term_string\"}}],\"inLanguage\":\"es\"},{\"@type\":\"Organization\",\"@id\":\"https:\/\/fegoauto.com.ec\/#organization\",\"name\":\"FEGOAUTO\",\"alternateName\":\"FEGOAUTO\",\"url\":\"https:\/\/fegoauto.com.ec\/\",\"logo\":{\"@type\":\"ImageObject\",\"inLanguage\":\"es\",\"@id\":\"https:\/\/fegoauto.com.ec\/#\/schema\/logo\/image\/\",\"url\":\"https:\/\/fegoauto.com.ec\/wp-content\/uploads\/2025\/07\/Recurso-2.png\",\"contentUrl\":\"https:\/\/fegoauto.com.ec\/wp-content\/uploads\/2025\/07\/Recurso-2.png\",\"width\":353,\"height\":88,\"caption\":\"FEGOAUTO\"},\"image\":{\"@id\":\"https:\/\/fegoauto.com.ec\/#\/schema\/logo\/image\/\"},\"sameAs\":[\"https:\/\/www.facebook.com\/fegoauto\",\"https:\/\/www.instagram.com\/fegoauto_ec\/\",\"https:\/\/www.tiktok.com\/@fegoauto_ec\"]}]}<\/script>\n<!-- \/ Yoast SEO plugin. -->","yoast_head_json":{"title":"QUI\u00c9NES SOMOS","description":"QUI\u00c9NES SOMOS","robots":{"index":"index","follow":"follow","max-snippet":"max-snippet:-1","max-image-preview":"max-image-preview:large","max-video-preview":"max-video-preview:-1"},"canonical":"https:\/\/fegoauto.com.ec\/index.php\/quienes-somos\/","og_locale":"es_ES","og_type":"article","og_title":"QUI\u00c9NES SOMOS","og_description":"QUI\u00c9NES SOMOS","og_url":"https:\/\/fegoauto.com.ec\/index.php\/quienes-somos\/","og_site_name":"FEGOAUTO","article_publisher":"https:\/\/www.facebook.com\/fegoauto","article_modified_time":"2025-08-26T17:35:18+00:00","og_image":[{"width":508,"height":128,"url":"https:\/\/fegoauto.com.ec\/wp-content\/uploads\/2025\/07\/Recurso-23.png","type":"image\/png"}],"twitter_card":"summary_large_image","twitter_misc":{"Tiempo de lectura":"1 minuto"},"schema":{"@context":"https:\/\/schema.org","@graph":[{"@type":"WebPage","@id":"https:\/\/fegoauto.com.ec\/index.php\/quienes-somos\/","url":"https:\/\/fegoauto.com.ec\/index.php\/quienes-somos\/","name":"QUI\u00c9NES SOMOS","isPartOf":{"@id":"https:\/\/fegoauto.com.ec\/#website"},"primaryImageOfPage":{"@id":"https:\/\/fegoauto.com.ec\/index.php\/quienes-somos\/#primaryimage"},"image":{"@id":"https:\/\/fegoauto.com.ec\/index.php\/quienes-somos\/#primaryimage"},"thumbnailUrl":"https:\/\/fegoauto.com.ec\/wp-content\/uploads\/2025\/07\/Recurso-23.png","datePublished":"2025-07-30T17:05:22+00:00","dateModified":"2025-08-26T17:35:18+00:00","description":"QUI\u00c9NES SOMOS","breadcrumb":{"@id":"https:\/\/fegoauto.com.ec\/index.php\/quienes-somos\/#breadcrumb"},"inLanguage":"es","potentialAction":[{"@type":"ReadAction","target":["https:\/\/fegoauto.com.ec\/index.php\/quienes-somos\/"]}]},{"@type":"ImageObject","inLanguage":"es","@id":"https:\/\/fegoauto.com.ec\/index.php\/quienes-somos\/#primaryimage","url":"https:\/\/fegoauto.com.ec\/wp-content\/uploads\/2025\/07\/Recurso-23.png","contentUrl":"https:\/\/fegoauto.com.ec\/wp-content\/uploads\/2025\/07\/Recurso-23.png","width":508,"height":128},{"@type":"BreadcrumbList","@id":"https:\/\/fegoauto.com.ec\/index.php\/quienes-somos\/#breadcrumb","itemListElement":[{"@type":"ListItem","position":1,"name":"Portada","item":"https:\/\/fegoauto.com.ec\/"},{"@type":"ListItem","position":2,"name":"QUI\u00c9NES SOMOS"}]},{"@type":"WebSite","@id":"https:\/\/fegoauto.com.ec\/#website","url":"https:\/\/fegoauto.com.ec\/","name":"FEGOAUTO","description":"Distribuci\u00f3n y venta al por mayor","publisher":{"@id":"https:\/\/fegoauto.com.ec\/#organization"},"alternateName":"FEGOAUTO","potentialAction":[{"@type":"SearchAction","target":{"@type":"EntryPoint","urlTemplate":"https:\/\/fegoauto.com.ec\/?s={search_term_string}"},"query-input":{"@type":"PropertyValueSpecification","valueRequired":true,"valueName":"search_term_string"}}],"inLanguage":"es"},{"@type":"Organization","@id":"https:\/\/fegoauto.com.ec\/#organization","name":"FEGOAUTO","alternateName":"FEGOAUTO","url":"https:\/\/fegoauto.com.ec\/","logo":{"@type":"ImageObject","inLanguage":"es","@id":"https:\/\/fegoauto.com.ec\/#\/schema\/logo\/image\/","url":"https:\/\/fegoauto.com.ec\/wp-content\/uploads\/2025\/07\/Recurso-2.png","contentUrl":"https:\/\/fegoauto.com.ec\/wp-content\/uploads\/2025\/07\/Recurso-2.png","width":353,"height":88,"caption":"FEGOAUTO"},"image":{"@id":"https:\/\/fegoauto.com.ec\/#\/schema\/logo\/image\/"},"sameAs":["https:\/\/www.facebook.com\/fegoauto","https:\/\/www.instagram.com\/fegoauto_ec\/","https:\/\/www.tiktok.com\/@fegoauto_ec"]}]}},"_links":{"self":[{"href":"https:\/\/fegoauto.com.ec\/index.php\/wp-json\/wp\/v2\/pages\/19","targetHints":{"allow":["GET"]}}],"collection":[{"href":"https:\/\/fegoauto.com.ec\/index.php\/wp-json\/wp\/v2\/pages"}],"about":[{"href":"https:\/\/fegoauto.com.ec\/index.php\/wp-json\/wp\/v2\/types\/page"}],"author":[{"embeddable":true,"href":"https:\/\/fegoauto.com.ec\/index.php\/wp-json\/wp\/v2\/users\/1"}],"replies":[{"embeddable":true,"href":"https:\/\/fegoauto.com.ec\/index.php\/wp-json\/wp\/v2\/comments?post=19"}],"version-history":[{"count":28,"href":"https:\/\/fegoauto.com.ec\/index.php\/wp-json\/wp\/v2\/pages\/19\/revisions"}],"predecessor-version":[{"id":347,"href":"https:\/\/fegoauto.com.ec\/index.php\/wp-json\/wp\/v2\/pages\/19\/revisions\/347"}],"wp:attachment":[{"href":"https:\/\/fegoauto.com.ec\/index.php\/wp-json\/wp\/v2\/media?parent=19"}],"curies":[{"name":"wp","href":"https:\/\/api.w.org\/{rel}","templated":true}]}}